{"id":977,"date":"2022-06-30T17:42:09","date_gmt":"2022-06-30T20:42:09","guid":{"rendered":"http:\/\/gkcontabilidade.com\/?page_id=977"},"modified":"2022-06-30T18:15:58","modified_gmt":"2022-06-30T21:15:58","slug":"calculadora-cotabil","status":"publish","type":"page","link":"https:\/\/gkcontabilidade.com\/index.php\/calculadora-cotabil\/","title":{"rendered":"Calculadora"},"content":{"rendered":"\t\t<div data-elementor-type=\"wp-page\" data-elementor-id=\"977\" class=\"elementor elementor-977\" data-elementor-post-type=\"page\">\n\t\t\t\t\t\t<section class=\"elementor-section elementor-top-section elementor-element elementor-element-ajskubk elementor-section-content-middle elementor-section-boxed elementor-section-height-default elementor-section-height-default\" data-id=\"ajskubk\" data-element_type=\"section\" data-settings=\"{&quot;background_background&quot;:&quot;classic&quot;}\">\n\t\t\t\t\t\t<div class=\"elementor-container elementor-column-gap-default\">\n\t\t\t\t\t<div class=\"elementor-column elementor-col-25 elementor-top-column elementor-element elementor-element-36eb630\" data-id=\"36eb630\" data-element_type=\"column\">\n\t\t\t<div class=\"elementor-widget-wrap elementor-element-populated\">\n\t\t\t\t\t\t<div class=\"elementor-element elementor-element-11ede98 elementor-absolute elementor-widget elementor-widget-image\" data-id=\"11ede98\" data-element_type=\"widget\" data-settings=\"{&quot;_position&quot;:&quot;absolute&quot;}\" data-widget_type=\"image.default\">\n\t\t\t\t<div class=\"elementor-widget-container\">\n\t\t\t\t\t\t\t\t\t\t\t\t\t<img fetchpriority=\"high\" decoding=\"async\" width=\"200\" height=\"489\" src=\"https:\/\/gkcontabilidade.com\/wp-content\/uploads\/2022\/06\/pattern-v-1.png\" class=\"attachment-large size-large wp-image-980\" alt=\"\" srcset=\"https:\/\/gkcontabilidade.com\/wp-content\/uploads\/2022\/06\/pattern-v-1.png 200w, https:\/\/gkcontabilidade.com\/wp-content\/uploads\/2022\/06\/pattern-v-1-123x300.png 123w\" sizes=\"(max-width: 200px) 100vw, 200px\" \/>\t\t\t\t\t\t\t\t\t\t\t\t\t<\/div>\n\t\t\t\t<\/div>\n\t\t\t\t<div class=\"elementor-element elementor-element-e1fa5e3 elementor-widget__width-inherit elementor-widget elementor-widget-heading\" data-id=\"e1fa5e3\" data-element_type=\"widget\" data-widget_type=\"heading.default\">\n\t\t\t\t<div class=\"elementor-widget-container\">\n\t\t\t<h2 class=\"elementor-heading-title elementor-size-default\">Calcule sua contabilidade e pague o pre\u00e7o justo<\/h2>\t\t<\/div>\n\t\t\t\t<\/div>\n\t\t\t\t<div class=\"elementor-element elementor-element-a826370 elementor-widget elementor-widget-text-editor\" data-id=\"a826370\" data-element_type=\"widget\" data-widget_type=\"text-editor.default\">\n\t\t\t\t<div class=\"elementor-widget-container\">\n\t\t\t\t\t\t\t<p><strong>Cansado de pagar sempre 1 sal\u00e1rio m\u00ednimo? Descubra o real valor da sua contabilidade.<\/strong><\/p>\t\t\t\t\t\t<\/div>\n\t\t\t\t<\/div>\n\t\t\t\t<div class=\"elementor-element elementor-element-31438af elementor-widget elementor-widget-button\" data-id=\"31438af\" data-element_type=\"widget\" data-widget_type=\"button.default\">\n\t\t\t\t<div class=\"elementor-widget-container\">\n\t\t\t\t\t<div class=\"elementor-button-wrapper\">\n\t\t\t<a class=\"elementor-button elementor-button-link elementor-size-xl\" href=\"#\">\n\t\t\t\t\t\t<span class=\"elementor-button-content-wrapper\">\n\t\t\t\t\t\t\t\t\t<span class=\"elementor-button-text\">CalCULAR<\/span>\n\t\t\t\t\t<\/span>\n\t\t\t\t\t<\/a>\n\t\t<\/div>\n\t\t\t\t<\/div>\n\t\t\t\t<\/div>\n\t\t\t\t\t<\/div>\n\t\t<\/div>\n\t\t\t\t<div class=\"elementor-column elementor-col-25 elementor-top-column elementor-element elementor-element-1652eb1\" data-id=\"1652eb1\" data-element_type=\"column\">\n\t\t\t<div class=\"elementor-widget-wrap\">\n\t\t\t\t\t\t\t<\/div>\n\t\t<\/div>\n\t\t\t\t<div class=\"elementor-column elementor-col-25 elementor-top-column elementor-element elementor-element-9114df8\" data-id=\"9114df8\" data-element_type=\"column\">\n\t\t\t<div class=\"elementor-widget-wrap elementor-element-populated\">\n\t\t\t\t\t\t<section class=\"elementor-section elementor-inner-section elementor-element elementor-element-affa18f elementor-section-content-bottom elementor-section-boxed elementor-section-height-default elementor-section-height-default\" data-id=\"affa18f\" data-element_type=\"section\">\n\t\t\t\t\t\t<div class=\"elementor-container elementor-column-gap-no\">\n\t\t\t\t\t<div class=\"elementor-column elementor-col-66 elementor-inner-column elementor-element elementor-element-648e20b\" data-id=\"648e20b\" data-element_type=\"column\">\n\t\t\t<div class=\"elementor-widget-wrap elementor-element-populated\">\n\t\t\t\t\t\t<div class=\"elementor-element elementor-element-b33d5ef elementor-widget elementor-widget-image\" data-id=\"b33d5ef\" data-element_type=\"widget\" data-widget_type=\"image.default\">\n\t\t\t\t<div class=\"elementor-widget-container\">\n\t\t\t\t\t\t\t\t\t\t\t\t\t\t<a href=\"http:\/\/gkcontabilidade.com\/wp-content\/uploads\/2022\/06\/pamela-buenrostro-3Vdf7wIJ7ds-unsplash-scaled.jpg\" data-elementor-open-lightbox=\"yes\" data-elementor-lightbox-title=\"pamela-buenrostro-3Vdf7wIJ7ds-unsplash\" data-e-action-hash=\"#elementor-action%3Aaction%3Dlightbox%26settings%3DeyJpZCI6MTAxOCwidXJsIjoiaHR0cHM6XC9cL2drY29udGFiaWxpZGFkZS5jb21cL3dwLWNvbnRlbnRcL3VwbG9hZHNcLzIwMjJcLzA2XC9wYW1lbGEtYnVlbnJvc3Ryby0zVmRmN3dJSjdkcy11bnNwbGFzaC1zY2FsZWQuanBnIn0%3D\">\n\t\t\t\t\t\t\t<img decoding=\"async\" width=\"1024\" height=\"1024\" src=\"https:\/\/gkcontabilidade.com\/wp-content\/uploads\/2022\/06\/pamela-buenrostro-3Vdf7wIJ7ds-unsplash-1024x1024.jpg\" class=\"attachment-large size-large wp-image-1018\" alt=\"\" srcset=\"https:\/\/gkcontabilidade.com\/wp-content\/uploads\/2022\/06\/pamela-buenrostro-3Vdf7wIJ7ds-unsplash-1024x1024.jpg 1024w, https:\/\/gkcontabilidade.com\/wp-content\/uploads\/2022\/06\/pamela-buenrostro-3Vdf7wIJ7ds-unsplash-300x300.jpg 300w, https:\/\/gkcontabilidade.com\/wp-content\/uploads\/2022\/06\/pamela-buenrostro-3Vdf7wIJ7ds-unsplash-150x150.jpg 150w, https:\/\/gkcontabilidade.com\/wp-content\/uploads\/2022\/06\/pamela-buenrostro-3Vdf7wIJ7ds-unsplash-768x768.jpg 768w, https:\/\/gkcontabilidade.com\/wp-content\/uploads\/2022\/06\/pamela-buenrostro-3Vdf7wIJ7ds-unsplash-1536x1536.jpg 1536w, https:\/\/gkcontabilidade.com\/wp-content\/uploads\/2022\/06\/pamela-buenrostro-3Vdf7wIJ7ds-unsplash-2048x2048.jpg 2048w\" sizes=\"(max-width: 1024px) 100vw, 1024px\" \/>\t\t\t\t\t\t\t\t<\/a>\n\t\t\t\t\t\t\t\t\t\t\t\t\t<\/div>\n\t\t\t\t<\/div>\n\t\t\t\t\t<\/div>\n\t\t<\/div>\n\t\t\t\t<div class=\"elementor-column elementor-col-33 elementor-inner-column elementor-element elementor-element-027ae9a\" data-id=\"027ae9a\" data-element_type=\"column\">\n\t\t\t<div class=\"elementor-widget-wrap\">\n\t\t\t\t\t\t\t<\/div>\n\t\t<\/div>\n\t\t\t\t\t<\/div>\n\t\t<\/section>\n\t\t\t\t<section class=\"elementor-section elementor-inner-section elementor-element elementor-element-24f646f elementor-section-content-top elementor-section-boxed elementor-section-height-default elementor-section-height-default\" data-id=\"24f646f\" data-element_type=\"section\">\n\t\t\t\t\t\t<div class=\"elementor-container elementor-column-gap-no\">\n\t\t\t\t\t<div class=\"elementor-column elementor-col-33 elementor-inner-column elementor-element elementor-element-66e46a3\" data-id=\"66e46a3\" data-element_type=\"column\">\n\t\t\t<div class=\"elementor-widget-wrap\">\n\t\t\t\t\t\t\t<\/div>\n\t\t<\/div>\n\t\t\t\t<div class=\"elementor-column elementor-col-66 elementor-inner-column elementor-element elementor-element-b941eb0\" data-id=\"b941eb0\" data-element_type=\"column\">\n\t\t\t<div class=\"elementor-widget-wrap elementor-element-populated\">\n\t\t\t\t\t\t<div class=\"elementor-element elementor-element-42acf94 elementor-widget elementor-widget-image\" data-id=\"42acf94\" data-element_type=\"widget\" data-widget_type=\"image.default\">\n\t\t\t\t<div class=\"elementor-widget-container\">\n\t\t\t\t\t\t\t\t\t\t\t\t\t\t<a href=\"http:\/\/gkcontabilidade.com\/wp-content\/uploads\/2022\/06\/joao-paulo-m-ramos-paulo-_aIFYxHW328-unsplash-scaled.jpg\" data-elementor-open-lightbox=\"yes\" data-elementor-lightbox-title=\"joao-paulo-m-ramos-paulo-_aIFYxHW328-unsplash\" data-e-action-hash=\"#elementor-action%3Aaction%3Dlightbox%26settings%3DeyJpZCI6MTAyMCwidXJsIjoiaHR0cHM6XC9cL2drY29udGFiaWxpZGFkZS5jb21cL3dwLWNvbnRlbnRcL3VwbG9hZHNcLzIwMjJcLzA2XC9qb2FvLXBhdWxvLW0tcmFtb3MtcGF1bG8tX2FJRll4SFczMjgtdW5zcGxhc2gtc2NhbGVkLmpwZyJ9\">\n\t\t\t\t\t\t\t<img decoding=\"async\" width=\"942\" height=\"1024\" src=\"https:\/\/gkcontabilidade.com\/wp-content\/uploads\/2022\/06\/joao-paulo-m-ramos-paulo-_aIFYxHW328-unsplash-942x1024.jpg\" class=\"attachment-large size-large wp-image-1020\" alt=\"\" srcset=\"https:\/\/gkcontabilidade.com\/wp-content\/uploads\/2022\/06\/joao-paulo-m-ramos-paulo-_aIFYxHW328-unsplash-942x1024.jpg 942w, https:\/\/gkcontabilidade.com\/wp-content\/uploads\/2022\/06\/joao-paulo-m-ramos-paulo-_aIFYxHW328-unsplash-276x300.jpg 276w, https:\/\/gkcontabilidade.com\/wp-content\/uploads\/2022\/06\/joao-paulo-m-ramos-paulo-_aIFYxHW328-unsplash-768x835.jpg 768w, https:\/\/gkcontabilidade.com\/wp-content\/uploads\/2022\/06\/joao-paulo-m-ramos-paulo-_aIFYxHW328-unsplash-1413x1536.jpg 1413w, https:\/\/gkcontabilidade.com\/wp-content\/uploads\/2022\/06\/joao-paulo-m-ramos-paulo-_aIFYxHW328-unsplash-1884x2048.jpg 1884w\" sizes=\"(max-width: 942px) 100vw, 942px\" \/>\t\t\t\t\t\t\t\t<\/a>\n\t\t\t\t\t\t\t\t\t\t\t\t\t<\/div>\n\t\t\t\t<\/div>\n\t\t\t\t\t<\/div>\n\t\t<\/div>\n\t\t\t\t\t<\/div>\n\t\t<\/section>\n\t\t\t\t\t<\/div>\n\t\t<\/div>\n\t\t\t\t<div class=\"elementor-column elementor-col-25 elementor-top-column elementor-element elementor-element-237967b\" data-id=\"237967b\" data-element_type=\"column\">\n\t\t\t<div class=\"elementor-widget-wrap elementor-element-populated\">\n\t\t\t\t\t\t<div class=\"elementor-element elementor-element-f90c0b3 elementor-widget elementor-widget-image\" data-id=\"f90c0b3\" data-element_type=\"widget\" data-widget_type=\"image.default\">\n\t\t\t\t<div class=\"elementor-widget-container\">\n\t\t\t\t\t\t\t\t\t\t\t\t\t\t<a href=\"http:\/\/gkcontabilidade.com\/wp-content\/uploads\/2022\/06\/ben-kolde-FaPxZ88yZrw-unsplash-scaled.jpg\" data-elementor-open-lightbox=\"yes\" data-elementor-lightbox-title=\"ben-kolde-FaPxZ88yZrw-unsplash\" data-e-action-hash=\"#elementor-action%3Aaction%3Dlightbox%26settings%3DeyJpZCI6MTAxOSwidXJsIjoiaHR0cHM6XC9cL2drY29udGFiaWxpZGFkZS5jb21cL3dwLWNvbnRlbnRcL3VwbG9hZHNcLzIwMjJcLzA2XC9iZW4ta29sZGUtRmFQeFo4OHlacnctdW5zcGxhc2gtc2NhbGVkLmpwZyJ9\">\n\t\t\t\t\t\t\t<img loading=\"lazy\" decoding=\"async\" width=\"1024\" height=\"1024\" src=\"https:\/\/gkcontabilidade.com\/wp-content\/uploads\/2022\/06\/ben-kolde-FaPxZ88yZrw-unsplash-1024x1024.jpg\" class=\"attachment-large size-large wp-image-1019\" alt=\"\" srcset=\"https:\/\/gkcontabilidade.com\/wp-content\/uploads\/2022\/06\/ben-kolde-FaPxZ88yZrw-unsplash-1024x1024.jpg 1024w, https:\/\/gkcontabilidade.com\/wp-content\/uploads\/2022\/06\/ben-kolde-FaPxZ88yZrw-unsplash-300x300.jpg 300w, https:\/\/gkcontabilidade.com\/wp-content\/uploads\/2022\/06\/ben-kolde-FaPxZ88yZrw-unsplash-150x150.jpg 150w, https:\/\/gkcontabilidade.com\/wp-content\/uploads\/2022\/06\/ben-kolde-FaPxZ88yZrw-unsplash-768x768.jpg 768w, https:\/\/gkcontabilidade.com\/wp-content\/uploads\/2022\/06\/ben-kolde-FaPxZ88yZrw-unsplash-1536x1536.jpg 1536w, https:\/\/gkcontabilidade.com\/wp-content\/uploads\/2022\/06\/ben-kolde-FaPxZ88yZrw-unsplash-2048x2048.jpg 2048w\" sizes=\"(max-width: 1024px) 100vw, 1024px\" \/>\t\t\t\t\t\t\t\t<\/a>\n\t\t\t\t\t\t\t\t\t\t\t\t\t<\/div>\n\t\t\t\t<\/div>\n\t\t\t\t\t<\/div>\n\t\t<\/div>\n\t\t\t\t\t<\/div>\n\t\t<\/section>\n\t\t\t\t<section class=\"elementor-section elementor-top-section elementor-element elementor-element-cf4704f elementor-section-boxed elementor-section-height-default elementor-section-height-default\" data-id=\"cf4704f\" data-element_type=\"section\">\n\t\t\t\t\t\t<div class=\"elementor-container elementor-column-gap-default\">\n\t\t\t\t\t<div class=\"elementor-column elementor-col-100 elementor-top-column elementor-element elementor-element-6828009\" data-id=\"6828009\" data-element_type=\"column\">\n\t\t\t<div class=\"elementor-widget-wrap elementor-element-populated\">\n\t\t\t\t\t\t<div class=\"elementor-element elementor-element-4b441ba elementor-widget elementor-widget-wpforms\" data-id=\"4b441ba\" data-element_type=\"widget\" data-widget_type=\"wpforms.default\">\n\t\t\t\t<div class=\"elementor-widget-container\">\n\t\t\t<div class=\"wpforms-container \" id=\"wpforms-987\"><form id=\"wpforms-form-987\" class=\"wpforms-validate wpforms-form wpforms-ajax-form\" data-formid=\"987\" method=\"post\" enctype=\"multipart\/form-data\" action=\"\/index.php\/wp-json\/wp\/v2\/pages\/977\" data-token=\"dfe2eaebad0b464c6dea9b86b86211d3\"><noscript class=\"wpforms-error-noscript\">Ative o JavaScript no seu navegador para preencher este formul\u00e1rio.<\/noscript><div class=\"wpforms-field-container\"><div id=\"wpforms-987-field_1-container\" class=\"wpforms-field wpforms-field-text\" data-field-id=\"1\"><label class=\"wpforms-field-label\" for=\"wpforms-987-field_1\">Qual cidade da sua empresa <span class=\"wpforms-required-label\">*<\/span><\/label><input type=\"text\" id=\"wpforms-987-field_1\" class=\"wpforms-field-medium wpforms-field-required\" name=\"wpforms[fields][1]\" required><\/div><div id=\"wpforms-987-field_2-container\" class=\"wpforms-field wpforms-field-select wpforms-field-select-style-classic\" data-field-id=\"2\"><label class=\"wpforms-field-label\" for=\"wpforms-987-field_2\">Minha atividade <span class=\"wpforms-required-label\">*<\/span><\/label><select id=\"wpforms-987-field_2\" class=\"wpforms-field-medium wpforms-field-required\" name=\"wpforms[fields][2]\" required=\"required\"><option value=\"Advocacia\" >Advocacia<\/option><option value=\"Com\u00e9rcio\" >Com\u00e9rcio<\/option><option value=\"Consultoria\" >Consultoria<\/option><option value=\"Educa\u00e7\u00e3o \/ Cursos\" >Educa\u00e7\u00e3o \/ Cursos<\/option><option value=\"Engenharia \/ Arquitetura\" >Engenharia \/ Arquitetura<\/option><option value=\"Gr\u00e1fica\" >Gr\u00e1fica<\/option><option value=\"Importa\u00e7\u00e3o e Exporta\u00e7\u00e3o\" >Importa\u00e7\u00e3o e Exporta\u00e7\u00e3o<\/option><option value=\"Industria\" >Industria<\/option><option value=\"Marketing \/ Publicidade\" >Marketing \/ Publicidade<\/option><option value=\"Metalurgica\" >Metalurgica<\/option><option value=\"Psicologia\" >Psicologia<\/option><option value=\"Representa\u00e7\u00e3o Comercial\" >Representa\u00e7\u00e3o Comercial<\/option><option value=\"Sa\u00fade\" >Sa\u00fade<\/option><option value=\"Servi\u00e7o de T.I\" >Servi\u00e7o de T.I<\/option><option value=\"Minha atividade n\u00e3o est\u00e1 na lista\" >Minha atividade n\u00e3o est\u00e1 na lista<\/option><\/select><\/div><div id=\"wpforms-987-field_3-container\" class=\"wpforms-field wpforms-field-number-slider\" data-field-id=\"3\"><label class=\"wpforms-field-label\" for=\"wpforms-987-field_3\">Qual o faturamento mensal estimado<\/label>\n<input\n\ttype=\"range\"\n\tid=\"wpforms-987-field_3\" class=\"wpforms-field-medium\" name=\"wpforms[fields][3]\" value=\"0\"\t\tvalue=\"0\"\n\tmin=\"0\"\n\tmax=\"1000000\"\n\tstep=\"100\">\n\n<div class=\"wpforms-field-number-slider-hint\"\n\tdata-hint=\"Selected Value: {value}\">\n\tSelected Value: <b>0<\/b><\/div>\n<\/div><div id=\"wpforms-987-field_4-container\" class=\"wpforms-field wpforms-field-select wpforms-field-select-style-classic\" data-field-id=\"4\"><label class=\"wpforms-field-label\" for=\"wpforms-987-field_4\">Quantos funcion\u00e1rios sua empresa possui<\/label><select id=\"wpforms-987-field_4\" class=\"wpforms-field-medium\" name=\"wpforms[fields][4]\"><option value=\"0\" >0<\/option><option value=\"1-5\" >1-5<\/option><option value=\"5-10\" >5-10<\/option><option value=\"10-15\" >10-15<\/option><option value=\"15-20\" >15-20<\/option><option value=\"20-25\" >20-25<\/option><option value=\"+25\" >+25<\/option><\/select><\/div><div id=\"wpforms-987-field_5-container\" class=\"wpforms-field wpforms-field-name\" data-field-id=\"5\"><label class=\"wpforms-field-label\" for=\"wpforms-987-field_5\">Nome <span class=\"wpforms-required-label\">*<\/span><\/label><div class=\"wpforms-field-row wpforms-field-medium\"><div class=\"wpforms-field-row-block wpforms-first wpforms-one-half\"><input type=\"text\" id=\"wpforms-987-field_5\" class=\"wpforms-field-name-first wpforms-field-required\" name=\"wpforms[fields][5][first]\" required><label for=\"wpforms-987-field_5\" class=\"wpforms-field-sublabel after \">Nome<\/label><\/div><div class=\"wpforms-field-row-block wpforms-one-half\"><input type=\"text\" id=\"wpforms-987-field_5-last\" class=\"wpforms-field-name-last wpforms-field-required\" name=\"wpforms[fields][5][last]\" required><label for=\"wpforms-987-field_5-last\" class=\"wpforms-field-sublabel after \">Sobrenome<\/label><\/div><\/div><\/div><div id=\"wpforms-987-field_6-container\" class=\"wpforms-field wpforms-field-number\" data-field-id=\"6\"><label class=\"wpforms-field-label\" for=\"wpforms-987-field_6\">Telefone<\/label><input type=\"number\" pattern=\"\\d*\" id=\"wpforms-987-field_6\" class=\"wpforms-field-medium\" name=\"wpforms[fields][6]\" ><\/div><div id=\"wpforms-987-field_7-container\" class=\"wpforms-field wpforms-field-email\" data-field-id=\"7\"><label class=\"wpforms-field-label\" for=\"wpforms-987-field_7\">E-mail <span class=\"wpforms-required-label\">*<\/span><\/label><input type=\"email\" id=\"wpforms-987-field_7\" class=\"wpforms-field-medium wpforms-field-required\" name=\"wpforms[fields][7]\" required><\/div><\/div><div class=\"wpforms-submit-container\"><input type=\"hidden\" name=\"wpforms[id]\" value=\"987\"><input type=\"hidden\" name=\"wpforms[author]\" value=\"1\"><button type=\"submit\" name=\"wpforms[submit]\" id=\"wpforms-submit-987\" class=\"wpforms-submit\" data-alt-text=\"Calculando...\" data-submit-text=\"CALCULAR AGORA\" aria-live=\"assertive\" value=\"wpforms-submit\">CALCULAR AGORA<\/button><img loading=\"lazy\" decoding=\"async\" src=\"https:\/\/gkcontabilidade.com\/wp-content\/plugins\/wpforms-lite\/assets\/images\/submit-spin.svg\" class=\"wpforms-submit-spinner\" style=\"display: none;\" width=\"26\" height=\"26\" alt=\"\"><\/div><\/form><\/div>  <!-- .wpforms-container -->\t\t<\/div>\n\t\t\t\t<\/div>\n\t\t\t\t\t<\/div>\n\t\t<\/div>\n\t\t\t\t\t<\/div>\n\t\t<\/section>\n\t\t\t\t<\/div>\n\t\t","protected":false},"excerpt":{"rendered":"<p>Calcule sua contabilidade e pague o pre\u00e7o justo Cansado de pagar sempre 1 sal\u00e1rio m\u00ednimo? Descubra o real valor da sua contabilidade. CalCULAR<\/p>\n","protected":false},"author":1,"featured_media":0,"parent":0,"menu_order":0,"comment_status":"closed","ping_status":"closed","template":"","meta":{"om_disable_all_campaigns":false,"_monsterinsights_skip_tracking":false,"_monsterinsights_sitenote_active":false,"_monsterinsights_sitenote_note":"","_monsterinsights_sitenote_category":0,"site-sidebar-layout":"no-sidebar","site-content-layout":"page-builder","ast-global-header-display":"","ast-main-header-display":"","ast-hfb-above-header-display":"","ast-hfb-below-header-display":"","ast-hfb-mobile-header-display":"","site-post-title":"disabled","ast-breadcrumbs-content":"","ast-featured-img":"disabled","footer-sml-layout":"","theme-transparent-header-meta":"","adv-header-id-meta":"","stick-header-meta":"","header-above-stick-meta":"","header-main-stick-meta":"","header-below-stick-meta":"","footnotes":""},"class_list":["post-977","page","type-page","status-publish","hentry"],"aioseo_notices":[],"_links":{"self":[{"href":"https:\/\/gkcontabilidade.com\/index.php\/wp-json\/wp\/v2\/pages\/977","targetHints":{"allow":["GET"]}}],"collection":[{"href":"https:\/\/gkcontabilidade.com\/index.php\/wp-json\/wp\/v2\/pages"}],"about":[{"href":"https:\/\/gkcontabilidade.com\/index.php\/wp-json\/wp\/v2\/types\/page"}],"author":[{"embeddable":true,"href":"https:\/\/gkcontabilidade.com\/index.php\/wp-json\/wp\/v2\/users\/1"}],"replies":[{"embeddable":true,"href":"https:\/\/gkcontabilidade.com\/index.php\/wp-json\/wp\/v2\/comments?post=977"}],"version-history":[{"count":23,"href":"https:\/\/gkcontabilidade.com\/index.php\/wp-json\/wp\/v2\/pages\/977\/revisions"}],"predecessor-version":[{"id":1038,"href":"https:\/\/gkcontabilidade.com\/index.php\/wp-json\/wp\/v2\/pages\/977\/revisions\/1038"}],"wp:attachment":[{"href":"https:\/\/gkcontabilidade.com\/index.php\/wp-json\/wp\/v2\/media?parent=977"}],"curies":[{"name":"wp","href":"https:\/\/api.w.org\/{rel}","templated":true}]}}